{"id":225,"date":"2023-09-10T14:35:28","date_gmt":"2023-09-10T12:35:28","guid":{"rendered":"https:\/\/totreformes.es\/?page_id=225"},"modified":"2023-10-10T19:54:18","modified_gmt":"2023-10-10T17:54:18","slug":"reformas-integrales","status":"publish","type":"page","link":"https:\/\/totreformes.es\/ca\/reformas-integrales\/","title":{"rendered":"REFORMAS INTEGRALES"},"content":{"rendered":"<div data-elementor-type=\"wp-page\" data-elementor-id=\"225\" class=\"elementor elementor-225\" data-elementor-post-type=\"page\">\n\t\t\t\t\t\t<section class=\"elementor-section elementor-top-section elementor-element elementor-element-55230bfb elementor-section-boxed elementor-section-height-default elementor-section-height-default\" data-id=\"55230bfb\" data-element_type=\"section\" data-e-type=\"section\">\n\t\t\t\t\t\t<div class=\"elementor-container elementor-column-gap-default\">\n\t\t\t\t\t<div class=\"elementor-column elementor-col-100 elementor-top-column elementor-element elementor-element-2521b7e0\" data-id=\"2521b7e0\" data-element_type=\"column\" data-e-type=\"column\">\n\t\t\t<div class=\"elementor-widget-wrap elementor-element-populated\">\n\t\t\t\t\t\t<div class=\"elementor-element elementor-element-368a4e83 elementor-widget elementor-widget-spacer\" data-id=\"368a4e83\" data-element_type=\"widget\" data-e-type=\"widget\" data-widget_type=\"spacer.default\">\n\t\t\t\t<div class=\"elementor-widget-container\">\n\t\t\t\t\t\t\t<div class=\"elementor-spacer\">\n\t\t\t<div class=\"elementor-spacer-inner\"><\/div>\n\t\t<\/div>\n\t\t\t\t\t\t<\/div>\n\t\t\t\t<\/div>\n\t\t\t\t<div class=\"elementor-element elementor-element-14975ecd elementor-widget elementor-widget-heading\" data-id=\"14975ecd\" data-element_type=\"widget\" data-e-type=\"widget\" data-widget_type=\"heading.default\">\n\t\t\t\t<div class=\"elementor-widget-container\">\n\t\t\t\t\t<h2 class=\"elementor-heading-title elementor-size-default\">Reformas integrales<\/h2>\t\t\t\t<\/div>\n\t\t\t\t<\/div>\n\t\t\t\t<div class=\"elementor-element elementor-element-557bd7eb elementor-widget elementor-widget-text-editor\" data-id=\"557bd7eb\" data-element_type=\"widget\" data-e-type=\"widget\" data-widget_type=\"text-editor.default\">\n\t\t\t\t<div class=\"elementor-widget-container\">\n\t\t\t\t\t\t\t\t\t<p><span style=\"color: rgb(63, 68, 75); font-size: 15px; white-space-collapse: preserve;\">Dado que una reforma es una decisi\u00f3n que merece ser tomada con seriedad, nuestro equipo de expertos le proporcionar\u00e1 un asesoramiento completo en la selecci\u00f3n de materiales, teniendo en cuenta sus restricciones presupuestarias y sus necesidades.<\/span><span style=\"color: rgb(63, 68, 75); font-size: 15px; white-space-collapse: preserve;\"><\/span><br><\/p>\t\t\t\t\t\t\t\t<\/div>\n\t\t\t\t<\/div>\n\t\t\t\t\t<\/div>\n\t\t<\/div>\n\t\t\t\t\t<\/div>\n\t\t<\/section>\n\t\t\t\t<section class=\"elementor-section elementor-top-section elementor-element elementor-element-18b0e984 elementor-section-full_width elementor-section-height-default elementor-section-height-default\" data-id=\"18b0e984\" data-element_type=\"section\" data-e-type=\"section\">\n\t\t\t\t\t\t<div class=\"elementor-container elementor-column-gap-default\">\n\t\t\t\t\t<div class=\"elementor-column elementor-col-100 elementor-top-column elementor-element elementor-element-32466551\" data-id=\"32466551\" data-element_type=\"column\" data-e-type=\"column\">\n\t\t\t<div class=\"elementor-widget-wrap elementor-element-populated\">\n\t\t\t\t\t\t<div class=\"elementor-element elementor-element-46f00fa7 elementor-widget elementor-widget-gallery\" data-id=\"46f00fa7\" data-element_type=\"widget\" data-e-type=\"widget\" data-settings=\"{&quot;gallery_layout&quot;:&quot;masonry&quot;,&quot;gap&quot;:{&quot;unit&quot;:&quot;px&quot;,&quot;size&quot;:11,&quot;sizes&quot;:[]},&quot;lazyload&quot;:&quot;yes&quot;,&quot;columns&quot;:4,&quot;columns_tablet&quot;:2,&quot;columns_mobile&quot;:1,&quot;gap_tablet&quot;:{&quot;unit&quot;:&quot;px&quot;,&quot;size&quot;:10,&quot;sizes&quot;:[]},&quot;gap_mobile&quot;:{&quot;unit&quot;:&quot;px&quot;,&quot;size&quot;:10,&quot;sizes&quot;:[]},&quot;link_to&quot;:&quot;file&quot;,&quot;overlay_background&quot;:&quot;yes&quot;,&quot;content_hover_animation&quot;:&quot;fade-in&quot;}\" data-widget_type=\"gallery.default\">\n\t\t\t\t<div class=\"elementor-widget-container\">\n\t\t\t\t\t\t\t<div class=\"elementor-gallery__container\">\n\t\t\t\t\t\t\t<a class=\"e-gallery-item elementor-gallery-item elementor-animated-content\" href=\"https:\/\/totreformes.es\/wp-content\/uploads\/2023\/09\/architecture-2587715_1920.jpg\" data-elementor-open-lightbox=\"yes\" data-elementor-lightbox-slideshow=\"46f00fa7\" data-elementor-lightbox-title=\"architecture-2587715_1920\" data-e-action-hash=\"#elementor-action%3Aaction%3Dlightbox%26settings%3DeyJpZCI6NTcsInVybCI6Imh0dHBzOlwvXC90b3RyZWZvcm1lcy5lc1wvd3AtY29udGVudFwvdXBsb2Fkc1wvMjAyM1wvMDlcL2FyY2hpdGVjdHVyZS0yNTg3NzE1XzE5MjAuanBnIiwic2xpZGVzaG93IjoiNDZmMDBmYTcifQ%3D%3D\">\n\t\t\t\t\t<div class=\"e-gallery-image elementor-gallery-item__image\" data-thumbnail=\"https:\/\/totreformes.es\/wp-content\/uploads\/2023\/09\/architecture-2587715_1920.jpg\" data-width=\"1920\" data-height=\"1587\" aria-label=\"\" role=\"img\" ><\/div>\n\t\t\t\t\t\t\t\t\t\t\t<div class=\"elementor-gallery-item__overlay\"><\/div>\n\t\t\t\t\t\t\t\t\t\t\t\t\t\t<\/a>\n\t\t\t\t\t\t\t<a class=\"e-gallery-item elementor-gallery-item elementor-animated-content\" href=\"https:\/\/totreformes.es\/wp-content\/uploads\/2023\/09\/wood-3346918_1920.jpg\" data-elementor-open-lightbox=\"yes\" data-elementor-lightbox-slideshow=\"46f00fa7\" data-elementor-lightbox-title=\"wood-3346918_1920\" data-e-action-hash=\"#elementor-action%3Aaction%3Dlightbox%26settings%3DeyJpZCI6NzQsInVybCI6Imh0dHBzOlwvXC90b3RyZWZvcm1lcy5lc1wvd3AtY29udGVudFwvdXBsb2Fkc1wvMjAyM1wvMDlcL3dvb2QtMzM0NjkxOF8xOTIwLmpwZyIsInNsaWRlc2hvdyI6IjQ2ZjAwZmE3In0%3D\">\n\t\t\t\t\t<div class=\"e-gallery-image elementor-gallery-item__image\" data-thumbnail=\"https:\/\/totreformes.es\/wp-content\/uploads\/2023\/09\/wood-3346918_1920.jpg\" data-width=\"1282\" data-height=\"1920\" aria-label=\"\" role=\"img\" ><\/div>\n\t\t\t\t\t\t\t\t\t\t\t<div class=\"elementor-gallery-item__overlay\"><\/div>\n\t\t\t\t\t\t\t\t\t\t\t\t\t\t<\/a>\n\t\t\t\t\t<\/div>\n\t\t\t\t\t<\/div>\n\t\t\t\t<\/div>\n\t\t\t\t\t<\/div>\n\t\t<\/div>\n\t\t\t\t\t<\/div>\n\t\t<\/section>\n\t\t\t\t<\/div>","protected":false},"excerpt":{"rendered":"<p>Reformas integrales Dado que una reforma es una decisi\u00f3n que merece ser tomada con seriedad, nuestro equipo de expertos le proporcionar\u00e1 un asesoramiento completo en la selecci\u00f3n de materiales, teniendo en cuenta sus restricciones presupuestarias y sus necesidades.<\/p>","protected":false},"author":1,"featured_media":0,"parent":0,"menu_order":0,"comment_status":"closed","ping_status":"closed","template":"","meta":{"om_disable_all_campaigns":false,"_monsterinsights_skip_tracking":false,"_monsterinsights_sitenote_active":false,"_monsterinsights_sitenote_note":"","_monsterinsights_sitenote_category":0,"site-sidebar-layout":"no-sidebar","site-content-layout":"","ast-site-content-layout":"full-width-container","site-content-style":"default","site-sidebar-style":"default","ast-global-header-display":"","ast-banner-title-visibility":"","ast-main-header-display":"","ast-hfb-above-header-display":"","ast-hfb-below-header-display":"","ast-hfb-mobile-header-display":"","site-post-title":"disabled","ast-breadcrumbs-content":"","ast-featured-img":"disabled","footer-sml-layout":"","ast-disable-related-posts":"","theme-transparent-header-meta":"","adv-header-id-meta":"","stick-header-meta":"","header-above-stick-meta":"","header-main-stick-meta":"","header-below-stick-meta":"","astra-migrate-meta-layouts":"default","ast-page-background-enabled":"default","ast-page-background-meta":{"desktop":{"background-color":"var(--ast-global-color-4)","background-image":"","background-repeat":"repeat","background-position":"center center","background-size":"auto","background-attachment":"scroll","background-type":"","background-media":"","overlay-type":"","overlay-color":"","overlay-opacity":"","overlay-gradient":""},"tablet":{"background-color":"","background-image":"","background-repeat":"repeat","background-position":"center center","background-size":"auto","background-attachment":"scroll","background-type":"","background-media":"","overlay-type":"","overlay-color":"","overlay-opacity":"","overlay-gradient":""},"mobile":{"background-color":"","background-image":"","background-repeat":"repeat","background-position":"center center","background-size":"auto","background-attachment":"scroll","background-type":"","background-media":"","overlay-type":"","overlay-color":"","overlay-opacity":"","overlay-gradient":""}},"ast-content-background-meta":{"desktop":{"background-color":"var(--ast-global-color-5)","background-image":"","background-repeat":"repeat","background-position":"center center","background-size":"auto","background-attachment":"scroll","background-type":"","background-media":"","overlay-type":"","overlay-color":"","overlay-opacity":"","overlay-gradient":""},"tablet":{"background-color":"var(--ast-global-color-5)","background-image":"","background-repeat":"repeat","background-position":"center center","background-size":"auto","background-attachment":"scroll","background-type":"","background-media":"","overlay-type":"","overlay-color":"","overlay-opacity":"","overlay-gradient":""},"mobile":{"background-color":"var(--ast-global-color-5)","background-image":"","background-repeat":"repeat","background-position":"center center","background-size":"auto","background-attachment":"scroll","background-type":"","background-media":"","overlay-type":"","overlay-color":"","overlay-opacity":"","overlay-gradient":""}},"_joinchat":[],"footnotes":""},"class_list":["post-225","page","type-page","status-publish","hentry"],"yoast_head":"<!-- This site is optimized with the Yoast SEO plugin v27.6 - https:\/\/yoast.com\/product\/yoast-seo-wordpress\/ -->\n<title>REFORMAS INTEGRALES -<\/title>\n<meta name=\"robots\" content=\"index, follow, max-snippet:-1, max-image-preview:large, max-video-preview:-1\" \/>\n<link rel=\"canonical\" href=\"https:\/\/totreformes.es\/ca\/reformas-integrales\/\" \/>\n<meta property=\"og:locale\" content=\"ca_ES\" \/>\n<meta property=\"og:type\" content=\"article\" \/>\n<meta property=\"og:title\" content=\"REFORMAS INTEGRALES -\" \/>\n<meta property=\"og:description\" content=\"Reformas integrales Dado que una reforma es una decisi\u00f3n que merece ser tomada con seriedad, nuestro equipo de expertos le proporcionar\u00e1 un asesoramiento completo en la selecci\u00f3n de materiales, teniendo en cuenta sus restricciones presupuestarias y sus necesidades.\" \/>\n<meta property=\"og:url\" content=\"https:\/\/totreformes.es\/ca\/reformas-integrales\/\" \/>\n<meta property=\"article:publisher\" content=\"https:\/\/www.facebook.com\/profile.php?id=61556941002639\" \/>\n<meta property=\"article:modified_time\" content=\"2023-10-10T17:54:18+00:00\" \/>\n<meta name=\"twitter:card\" content=\"summary_large_image\" \/>\n<script type=\"application\/ld+json\" class=\"yoast-schema-graph\">{\"@context\":\"https:\\\/\\\/schema.org\",\"@graph\":[{\"@type\":\"WebPage\",\"@id\":\"https:\\\/\\\/totreformes.es\\\/reformas-integrales\\\/\",\"url\":\"https:\\\/\\\/totreformes.es\\\/reformas-integrales\\\/\",\"name\":\"REFORMAS INTEGRALES -\",\"isPartOf\":{\"@id\":\"https:\\\/\\\/totreformes.es\\\/#website\"},\"datePublished\":\"2023-09-10T12:35:28+00:00\",\"dateModified\":\"2023-10-10T17:54:18+00:00\",\"breadcrumb\":{\"@id\":\"https:\\\/\\\/totreformes.es\\\/reformas-integrales\\\/#breadcrumb\"},\"inLanguage\":\"ca\",\"potentialAction\":[{\"@type\":\"ReadAction\",\"target\":[\"https:\\\/\\\/totreformes.es\\\/reformas-integrales\\\/\"]}]},{\"@type\":\"BreadcrumbList\",\"@id\":\"https:\\\/\\\/totreformes.es\\\/reformas-integrales\\\/#breadcrumb\",\"itemListElement\":[{\"@type\":\"ListItem\",\"position\":1,\"name\":\"Portada\",\"item\":\"https:\\\/\\\/totreformes.es\\\/\"},{\"@type\":\"ListItem\",\"position\":2,\"name\":\"REFORMAS INTEGRALES\"}]},{\"@type\":\"WebSite\",\"@id\":\"https:\\\/\\\/totreformes.es\\\/#website\",\"url\":\"https:\\\/\\\/totreformes.es\\\/\",\"name\":\"Tot Reformes i Mes - Reformas en Hospitalet de Llobregat\",\"description\":\"\",\"publisher\":{\"@id\":\"https:\\\/\\\/totreformes.es\\\/#organization\"},\"potentialAction\":[{\"@type\":\"SearchAction\",\"target\":{\"@type\":\"EntryPoint\",\"urlTemplate\":\"https:\\\/\\\/totreformes.es\\\/?s={search_term_string}\"},\"query-input\":{\"@type\":\"PropertyValueSpecification\",\"valueRequired\":true,\"valueName\":\"search_term_string\"}}],\"inLanguage\":\"ca\"},{\"@type\":\"Organization\",\"@id\":\"https:\\\/\\\/totreformes.es\\\/#organization\",\"name\":\"Tot Reformes i Mes\",\"url\":\"https:\\\/\\\/totreformes.es\\\/\",\"logo\":{\"@type\":\"ImageObject\",\"inLanguage\":\"ca\",\"@id\":\"https:\\\/\\\/totreformes.es\\\/#\\\/schema\\\/logo\\\/image\\\/\",\"url\":\"https:\\\/\\\/totreformes.es\\\/wp-content\\\/uploads\\\/2023\\\/10\\\/tots-reformes-i-mes-logo-menu.png\",\"contentUrl\":\"https:\\\/\\\/totreformes.es\\\/wp-content\\\/uploads\\\/2023\\\/10\\\/tots-reformes-i-mes-logo-menu.png\",\"width\":274,\"height\":118,\"caption\":\"Tot Reformes i Mes\"},\"image\":{\"@id\":\"https:\\\/\\\/totreformes.es\\\/#\\\/schema\\\/logo\\\/image\\\/\"},\"sameAs\":[\"https:\\\/\\\/www.facebook.com\\\/profile.php?id=61556941002639\",\"https:\\\/\\\/www.instagram.com\\\/tot.reformes.i.mes\\\/\",\"https:\\\/\\\/www.linkedin.com\\\/in\\\/tot-reformes-i-mes-822654375\\\/\"]}]}<\/script>\n<!-- \/ Yoast SEO plugin. -->","yoast_head_json":{"title":"REFORMAS INTEGRALES -","robots":{"index":"index","follow":"follow","max-snippet":"max-snippet:-1","max-image-preview":"max-image-preview:large","max-video-preview":"max-video-preview:-1"},"canonical":"https:\/\/totreformes.es\/ca\/reformas-integrales\/","og_locale":"ca_ES","og_type":"article","og_title":"REFORMAS INTEGRALES -","og_description":"Reformas integrales Dado que una reforma es una decisi\u00f3n que merece ser tomada con seriedad, nuestro equipo de expertos le proporcionar\u00e1 un asesoramiento completo en la selecci\u00f3n de materiales, teniendo en cuenta sus restricciones presupuestarias y sus necesidades.","og_url":"https:\/\/totreformes.es\/ca\/reformas-integrales\/","article_publisher":"https:\/\/www.facebook.com\/profile.php?id=61556941002639","article_modified_time":"2023-10-10T17:54:18+00:00","twitter_card":"summary_large_image","schema":{"@context":"https:\/\/schema.org","@graph":[{"@type":"WebPage","@id":"https:\/\/totreformes.es\/reformas-integrales\/","url":"https:\/\/totreformes.es\/reformas-integrales\/","name":"REFORMAS INTEGRALES -","isPartOf":{"@id":"https:\/\/totreformes.es\/#website"},"datePublished":"2023-09-10T12:35:28+00:00","dateModified":"2023-10-10T17:54:18+00:00","breadcrumb":{"@id":"https:\/\/totreformes.es\/reformas-integrales\/#breadcrumb"},"inLanguage":"ca","potentialAction":[{"@type":"ReadAction","target":["https:\/\/totreformes.es\/reformas-integrales\/"]}]},{"@type":"BreadcrumbList","@id":"https:\/\/totreformes.es\/reformas-integrales\/#breadcrumb","itemListElement":[{"@type":"ListItem","position":1,"name":"Portada","item":"https:\/\/totreformes.es\/"},{"@type":"ListItem","position":2,"name":"REFORMAS INTEGRALES"}]},{"@type":"WebSite","@id":"https:\/\/totreformes.es\/#website","url":"https:\/\/totreformes.es\/","name":"Tot Reformes i Mes - Reformas en Hospitalet de Llobregat","description":"","publisher":{"@id":"https:\/\/totreformes.es\/#organization"},"potentialAction":[{"@type":"SearchAction","target":{"@type":"EntryPoint","urlTemplate":"https:\/\/totreformes.es\/?s={search_term_string}"},"query-input":{"@type":"PropertyValueSpecification","valueRequired":true,"valueName":"search_term_string"}}],"inLanguage":"ca"},{"@type":"Organization","@id":"https:\/\/totreformes.es\/#organization","name":"Tot Reformes i Mes","url":"https:\/\/totreformes.es\/","logo":{"@type":"ImageObject","inLanguage":"ca","@id":"https:\/\/totreformes.es\/#\/schema\/logo\/image\/","url":"https:\/\/totreformes.es\/wp-content\/uploads\/2023\/10\/tots-reformes-i-mes-logo-menu.png","contentUrl":"https:\/\/totreformes.es\/wp-content\/uploads\/2023\/10\/tots-reformes-i-mes-logo-menu.png","width":274,"height":118,"caption":"Tot Reformes i Mes"},"image":{"@id":"https:\/\/totreformes.es\/#\/schema\/logo\/image\/"},"sameAs":["https:\/\/www.facebook.com\/profile.php?id=61556941002639","https:\/\/www.instagram.com\/tot.reformes.i.mes\/","https:\/\/www.linkedin.com\/in\/tot-reformes-i-mes-822654375\/"]}]}},"_links":{"self":[{"href":"https:\/\/totreformes.es\/ca\/wp-json\/wp\/v2\/pages\/225","targetHints":{"allow":["GET"]}}],"collection":[{"href":"https:\/\/totreformes.es\/ca\/wp-json\/wp\/v2\/pages"}],"about":[{"href":"https:\/\/totreformes.es\/ca\/wp-json\/wp\/v2\/types\/page"}],"author":[{"embeddable":true,"href":"https:\/\/totreformes.es\/ca\/wp-json\/wp\/v2\/users\/1"}],"replies":[{"embeddable":true,"href":"https:\/\/totreformes.es\/ca\/wp-json\/wp\/v2\/comments?post=225"}],"version-history":[{"count":8,"href":"https:\/\/totreformes.es\/ca\/wp-json\/wp\/v2\/pages\/225\/revisions"}],"predecessor-version":[{"id":405,"href":"https:\/\/totreformes.es\/ca\/wp-json\/wp\/v2\/pages\/225\/revisions\/405"}],"wp:attachment":[{"href":"https:\/\/totreformes.es\/ca\/wp-json\/wp\/v2\/media?parent=225"}],"curies":[{"name":"wp","href":"https:\/\/api.w.org\/{rel}","templated":true}]}}