{"id":219,"date":"2023-09-10T14:29:40","date_gmt":"2023-09-10T12:29:40","guid":{"rendered":"https:\/\/totreformes.es\/?page_id=219"},"modified":"2023-10-10T19:53:31","modified_gmt":"2023-10-10T17:53:31","slug":"interiores","status":"publish","type":"page","link":"https:\/\/totreformes.es\/ca\/interiores\/","title":{"rendered":"INTERIORES"},"content":{"rendered":"<div data-elementor-type=\"wp-page\" data-elementor-id=\"219\" class=\"elementor elementor-219\" data-elementor-post-type=\"page\">\n\t\t\t\t\t\t<section class=\"elementor-section elementor-top-section elementor-element elementor-element-11d03b80 elementor-section-boxed elementor-section-height-default elementor-section-height-default\" data-id=\"11d03b80\" data-element_type=\"section\" data-e-type=\"section\">\n\t\t\t\t\t\t<div class=\"elementor-container elementor-column-gap-default\">\n\t\t\t\t\t<div class=\"elementor-column elementor-col-100 elementor-top-column elementor-element elementor-element-2258a239\" data-id=\"2258a239\" data-element_type=\"column\" data-e-type=\"column\">\n\t\t\t<div class=\"elementor-widget-wrap elementor-element-populated\">\n\t\t\t\t\t\t<div class=\"elementor-element elementor-element-2d2bd0d7 elementor-widget elementor-widget-spacer\" data-id=\"2d2bd0d7\" data-element_type=\"widget\" data-e-type=\"widget\" data-widget_type=\"spacer.default\">\n\t\t\t\t<div class=\"elementor-widget-container\">\n\t\t\t\t\t\t\t<div class=\"elementor-spacer\">\n\t\t\t<div class=\"elementor-spacer-inner\"><\/div>\n\t\t<\/div>\n\t\t\t\t\t\t<\/div>\n\t\t\t\t<\/div>\n\t\t\t\t<div class=\"elementor-element elementor-element-69fd32a elementor-widget elementor-widget-heading\" data-id=\"69fd32a\" data-element_type=\"widget\" data-e-type=\"widget\" data-widget_type=\"heading.default\">\n\t\t\t\t<div class=\"elementor-widget-container\">\n\t\t\t\t\t<h2 class=\"elementor-heading-title elementor-size-default\">Interiores<\/h2>\t\t\t\t<\/div>\n\t\t\t\t<\/div>\n\t\t\t\t<div class=\"elementor-element elementor-element-2370e5be elementor-widget elementor-widget-text-editor\" data-id=\"2370e5be\" data-element_type=\"widget\" data-e-type=\"widget\" data-widget_type=\"text-editor.default\">\n\t\t\t\t<div class=\"elementor-widget-container\">\n\t\t\t\t\t\t\t\t\t<p>Nuestra especializaci\u00f3n radica en la decoraci\u00f3n y el dise\u00f1o de espacios, donde ofrecemos ideas innovadoras para hogares de todas las dimensiones y consejos altamente efectivos para convertir su casa o apartamento en un entorno agradable y acogedor.\u200b<\/p>\t\t\t\t\t\t\t\t<\/div>\n\t\t\t\t<\/div>\n\t\t\t\t\t<\/div>\n\t\t<\/div>\n\t\t\t\t\t<\/div>\n\t\t<\/section>\n\t\t\t\t<section class=\"elementor-section elementor-top-section elementor-element elementor-element-4f7f16d4 elementor-section-full_width elementor-section-height-default elementor-section-height-default\" data-id=\"4f7f16d4\" data-element_type=\"section\" data-e-type=\"section\">\n\t\t\t\t\t\t<div class=\"elementor-container elementor-column-gap-default\">\n\t\t\t\t\t<div class=\"elementor-column elementor-col-100 elementor-top-column elementor-element elementor-element-71b7e7c8\" data-id=\"71b7e7c8\" data-element_type=\"column\" data-e-type=\"column\">\n\t\t\t<div class=\"elementor-widget-wrap elementor-element-populated\">\n\t\t\t\t\t\t<div class=\"elementor-element elementor-element-59ab73d8 elementor-widget elementor-widget-gallery\" data-id=\"59ab73d8\" data-element_type=\"widget\" data-e-type=\"widget\" data-settings=\"{&quot;gallery_layout&quot;:&quot;masonry&quot;,&quot;gap&quot;:{&quot;unit&quot;:&quot;px&quot;,&quot;size&quot;:11,&quot;sizes&quot;:[]},&quot;lazyload&quot;:&quot;yes&quot;,&quot;columns&quot;:4,&quot;columns_tablet&quot;:2,&quot;columns_mobile&quot;:1,&quot;gap_tablet&quot;:{&quot;unit&quot;:&quot;px&quot;,&quot;size&quot;:10,&quot;sizes&quot;:[]},&quot;gap_mobile&quot;:{&quot;unit&quot;:&quot;px&quot;,&quot;size&quot;:10,&quot;sizes&quot;:[]},&quot;link_to&quot;:&quot;file&quot;,&quot;overlay_background&quot;:&quot;yes&quot;,&quot;content_hover_animation&quot;:&quot;fade-in&quot;}\" data-widget_type=\"gallery.default\">\n\t\t\t\t<div class=\"elementor-widget-container\">\n\t\t\t\t\t\t\t<div class=\"elementor-gallery__container\">\n\t\t\t\t\t\t\t<a class=\"e-gallery-item elementor-gallery-item elementor-animated-content\" href=\"https:\/\/totreformes.es\/wp-content\/uploads\/2023\/09\/bedroom-7132435_1920.jpg\" data-elementor-open-lightbox=\"yes\" data-elementor-lightbox-slideshow=\"59ab73d8\" data-elementor-lightbox-title=\"bedroom-7132435_1920\" data-e-action-hash=\"#elementor-action%3Aaction%3Dlightbox%26settings%3DeyJpZCI6NTgsInVybCI6Imh0dHBzOlwvXC90b3RyZWZvcm1lcy5lc1wvd3AtY29udGVudFwvdXBsb2Fkc1wvMjAyM1wvMDlcL2JlZHJvb20tNzEzMjQzNV8xOTIwLmpwZyIsInNsaWRlc2hvdyI6IjU5YWI3M2Q4In0%3D\">\n\t\t\t\t\t<div class=\"e-gallery-image elementor-gallery-item__image\" data-thumbnail=\"https:\/\/totreformes.es\/wp-content\/uploads\/2023\/09\/bedroom-7132435_1920.jpg\" data-width=\"1920\" data-height=\"1280\" aria-label=\"\" role=\"img\" ><\/div>\n\t\t\t\t\t\t\t\t\t\t\t<div class=\"elementor-gallery-item__overlay\"><\/div>\n\t\t\t\t\t\t\t\t\t\t\t\t\t\t<\/a>\n\t\t\t\t\t\t\t<a class=\"e-gallery-item elementor-gallery-item elementor-animated-content\" href=\"https:\/\/totreformes.es\/wp-content\/uploads\/2023\/09\/dining-room-2132347_1920.jpg\" data-elementor-open-lightbox=\"yes\" data-elementor-lightbox-slideshow=\"59ab73d8\" data-elementor-lightbox-title=\"dining-room-2132347_1920\" data-e-action-hash=\"#elementor-action%3Aaction%3Dlightbox%26settings%3DeyJpZCI6NTksInVybCI6Imh0dHBzOlwvXC90b3RyZWZvcm1lcy5lc1wvd3AtY29udGVudFwvdXBsb2Fkc1wvMjAyM1wvMDlcL2RpbmluZy1yb29tLTIxMzIzNDdfMTkyMC5qcGciLCJzbGlkZXNob3ciOiI1OWFiNzNkOCJ9\">\n\t\t\t\t\t<div class=\"e-gallery-image elementor-gallery-item__image\" data-thumbnail=\"https:\/\/totreformes.es\/wp-content\/uploads\/2023\/09\/dining-room-2132347_1920.jpg\" data-width=\"1920\" data-height=\"1280\" aria-label=\"\" role=\"img\" ><\/div>\n\t\t\t\t\t\t\t\t\t\t\t<div class=\"elementor-gallery-item__overlay\"><\/div>\n\t\t\t\t\t\t\t\t\t\t\t\t\t\t<\/a>\n\t\t\t\t\t\t\t<a class=\"e-gallery-item elementor-gallery-item elementor-animated-content\" href=\"https:\/\/totreformes.es\/wp-content\/uploads\/2023\/09\/interiors-3593872_1920.jpg\" data-elementor-open-lightbox=\"yes\" data-elementor-lightbox-slideshow=\"59ab73d8\" data-elementor-lightbox-title=\"interiors-3593872_1920\" data-e-action-hash=\"#elementor-action%3Aaction%3Dlightbox%26settings%3DeyJpZCI6NjIsInVybCI6Imh0dHBzOlwvXC90b3RyZWZvcm1lcy5lc1wvd3AtY29udGVudFwvdXBsb2Fkc1wvMjAyM1wvMDlcL2ludGVyaW9ycy0zNTkzODcyXzE5MjAuanBnIiwic2xpZGVzaG93IjoiNTlhYjczZDgifQ%3D%3D\">\n\t\t\t\t\t<div class=\"e-gallery-image elementor-gallery-item__image\" data-thumbnail=\"https:\/\/totreformes.es\/wp-content\/uploads\/2023\/09\/interiors-3593872_1920.jpg\" data-width=\"1920\" data-height=\"1280\" aria-label=\"\" role=\"img\" ><\/div>\n\t\t\t\t\t\t\t\t\t\t\t<div class=\"elementor-gallery-item__overlay\"><\/div>\n\t\t\t\t\t\t\t\t\t\t\t\t\t\t<\/a>\n\t\t\t\t\t\t\t<a class=\"e-gallery-item elementor-gallery-item elementor-animated-content\" href=\"https:\/\/totreformes.es\/wp-content\/uploads\/2023\/09\/real-estate-6893060_1920.jpg\" data-elementor-open-lightbox=\"yes\" data-elementor-lightbox-slideshow=\"59ab73d8\" data-elementor-lightbox-title=\"real-estate-6893060_1920\" data-e-action-hash=\"#elementor-action%3Aaction%3Dlightbox%26settings%3DeyJpZCI6NjMsInVybCI6Imh0dHBzOlwvXC90b3RyZWZvcm1lcy5lc1wvd3AtY29udGVudFwvdXBsb2Fkc1wvMjAyM1wvMDlcL3JlYWwtZXN0YXRlLTY4OTMwNjBfMTkyMC5qcGciLCJzbGlkZXNob3ciOiI1OWFiNzNkOCJ9\">\n\t\t\t\t\t<div class=\"e-gallery-image elementor-gallery-item__image\" data-thumbnail=\"https:\/\/totreformes.es\/wp-content\/uploads\/2023\/09\/real-estate-6893060_1920.jpg\" data-width=\"1280\" data-height=\"1920\" aria-label=\"\" role=\"img\" ><\/div>\n\t\t\t\t\t\t\t\t\t\t\t<div class=\"elementor-gallery-item__overlay\"><\/div>\n\t\t\t\t\t\t\t\t\t\t\t\t\t\t<\/a>\n\t\t\t\t\t\t\t<a class=\"e-gallery-item elementor-gallery-item elementor-animated-content\" href=\"https:\/\/totreformes.es\/wp-content\/uploads\/2023\/09\/home-3593857_1920.jpg\" data-elementor-open-lightbox=\"yes\" data-elementor-lightbox-slideshow=\"59ab73d8\" data-elementor-lightbox-title=\"home-3593857_1920\" data-e-action-hash=\"#elementor-action%3Aaction%3Dlightbox%26settings%3DeyJpZCI6NjEsInVybCI6Imh0dHBzOlwvXC90b3RyZWZvcm1lcy5lc1wvd3AtY29udGVudFwvdXBsb2Fkc1wvMjAyM1wvMDlcL2hvbWUtMzU5Mzg1N18xOTIwLmpwZyIsInNsaWRlc2hvdyI6IjU5YWI3M2Q4In0%3D\">\n\t\t\t\t\t<div class=\"e-gallery-image elementor-gallery-item__image\" data-thumbnail=\"https:\/\/totreformes.es\/wp-content\/uploads\/2023\/09\/home-3593857_1920.jpg\" data-width=\"1920\" data-height=\"1280\" aria-label=\"\" role=\"img\" ><\/div>\n\t\t\t\t\t\t\t\t\t\t\t<div class=\"elementor-gallery-item__overlay\"><\/div>\n\t\t\t\t\t\t\t\t\t\t\t\t\t\t<\/a>\n\t\t\t\t\t\t\t<a class=\"e-gallery-item elementor-gallery-item elementor-animated-content\" href=\"https:\/\/totreformes.es\/wp-content\/uploads\/2023\/09\/home-3593830_1920.jpg\" data-elementor-open-lightbox=\"yes\" data-elementor-lightbox-slideshow=\"59ab73d8\" data-elementor-lightbox-title=\"home-3593830_1920\" data-e-action-hash=\"#elementor-action%3Aaction%3Dlightbox%26settings%3DeyJpZCI6NjAsInVybCI6Imh0dHBzOlwvXC90b3RyZWZvcm1lcy5lc1wvd3AtY29udGVudFwvdXBsb2Fkc1wvMjAyM1wvMDlcL2hvbWUtMzU5MzgzMF8xOTIwLmpwZyIsInNsaWRlc2hvdyI6IjU5YWI3M2Q4In0%3D\">\n\t\t\t\t\t<div class=\"e-gallery-image elementor-gallery-item__image\" data-thumbnail=\"https:\/\/totreformes.es\/wp-content\/uploads\/2023\/09\/home-3593830_1920.jpg\" data-width=\"1920\" data-height=\"1280\" aria-label=\"\" role=\"img\" ><\/div>\n\t\t\t\t\t\t\t\t\t\t\t<div class=\"elementor-gallery-item__overlay\"><\/div>\n\t\t\t\t\t\t\t\t\t\t\t\t\t\t<\/a>\n\t\t\t\t\t<\/div>\n\t\t\t\t\t<\/div>\n\t\t\t\t<\/div>\n\t\t\t\t\t<\/div>\n\t\t<\/div>\n\t\t\t\t\t<\/div>\n\t\t<\/section>\n\t\t\t\t<\/div>","protected":false},"excerpt":{"rendered":"<p>Interiores Nuestra especializaci\u00f3n radica en la decoraci\u00f3n y el dise\u00f1o de espacios, donde ofrecemos ideas innovadoras para hogares de todas las dimensiones y consejos altamente efectivos para convertir su casa o apartamento en un entorno agradable y acogedor.\u200b<\/p>","protected":false},"author":1,"featured_media":0,"parent":0,"menu_order":0,"comment_status":"closed","ping_status":"closed","template":"","meta":{"om_disable_all_campaigns":false,"_monsterinsights_skip_tracking":false,"_monsterinsights_sitenote_active":false,"_monsterinsights_sitenote_note":"","_monsterinsights_sitenote_category":0,"site-sidebar-layout":"no-sidebar","site-content-layout":"","ast-site-content-layout":"full-width-container","site-content-style":"default","site-sidebar-style":"default","ast-global-header-display":"","ast-banner-title-visibility":"","ast-main-header-display":"","ast-hfb-above-header-display":"","ast-hfb-below-header-display":"","ast-hfb-mobile-header-display":"","site-post-title":"disabled","ast-breadcrumbs-content":"","ast-featured-img":"disabled","footer-sml-layout":"","ast-disable-related-posts":"","theme-transparent-header-meta":"","adv-header-id-meta":"","stick-header-meta":"","header-above-stick-meta":"","header-main-stick-meta":"","header-below-stick-meta":"","astra-migrate-meta-layouts":"default","ast-page-background-enabled":"default","ast-page-background-meta":{"desktop":{"background-color":"var(--ast-global-color-4)","background-image":"","background-repeat":"repeat","background-position":"center center","background-size":"auto","background-attachment":"scroll","background-type":"","background-media":"","overlay-type":"","overlay-color":"","overlay-opacity":"","overlay-gradient":""},"tablet":{"background-color":"","background-image":"","background-repeat":"repeat","background-position":"center center","background-size":"auto","background-attachment":"scroll","background-type":"","background-media":"","overlay-type":"","overlay-color":"","overlay-opacity":"","overlay-gradient":""},"mobile":{"background-color":"","background-image":"","background-repeat":"repeat","background-position":"center center","background-size":"auto","background-attachment":"scroll","background-type":"","background-media":"","overlay-type":"","overlay-color":"","overlay-opacity":"","overlay-gradient":""}},"ast-content-background-meta":{"desktop":{"background-color":"var(--ast-global-color-5)","background-image":"","background-repeat":"repeat","background-position":"center center","background-size":"auto","background-attachment":"scroll","background-type":"","background-media":"","overlay-type":"","overlay-color":"","overlay-opacity":"","overlay-gradient":""},"tablet":{"background-color":"var(--ast-global-color-5)","background-image":"","background-repeat":"repeat","background-position":"center center","background-size":"auto","background-attachment":"scroll","background-type":"","background-media":"","overlay-type":"","overlay-color":"","overlay-opacity":"","overlay-gradient":""},"mobile":{"background-color":"var(--ast-global-color-5)","background-image":"","background-repeat":"repeat","background-position":"center center","background-size":"auto","background-attachment":"scroll","background-type":"","background-media":"","overlay-type":"","overlay-color":"","overlay-opacity":"","overlay-gradient":""}},"_joinchat":[],"footnotes":""},"class_list":["post-219","page","type-page","status-publish","hentry"],"yoast_head":"<!-- This site is optimized with the Yoast SEO plugin v27.5 - https:\/\/yoast.com\/product\/yoast-seo-wordpress\/ -->\n<title>INTERIORES -<\/title>\n<meta name=\"robots\" content=\"index, follow, max-snippet:-1, max-image-preview:large, max-video-preview:-1\" \/>\n<link rel=\"canonical\" href=\"https:\/\/totreformes.es\/ca\/interiores\/\" \/>\n<meta property=\"og:locale\" content=\"ca_ES\" \/>\n<meta property=\"og:type\" content=\"article\" \/>\n<meta property=\"og:title\" content=\"INTERIORES -\" \/>\n<meta property=\"og:description\" content=\"Interiores Nuestra especializaci\u00f3n radica en la decoraci\u00f3n y el dise\u00f1o de espacios, donde ofrecemos ideas innovadoras para hogares de todas las dimensiones y consejos altamente efectivos para convertir su casa o apartamento en un entorno agradable y acogedor.\u200b\" \/>\n<meta property=\"og:url\" content=\"https:\/\/totreformes.es\/ca\/interiores\/\" \/>\n<meta property=\"article:publisher\" content=\"https:\/\/www.facebook.com\/profile.php?id=61556941002639\" \/>\n<meta property=\"article:modified_time\" content=\"2023-10-10T17:53:31+00:00\" \/>\n<meta name=\"twitter:card\" content=\"summary_large_image\" \/>\n<script type=\"application\/ld+json\" class=\"yoast-schema-graph\">{\"@context\":\"https:\\\/\\\/schema.org\",\"@graph\":[{\"@type\":\"WebPage\",\"@id\":\"https:\\\/\\\/totreformes.es\\\/interiores\\\/\",\"url\":\"https:\\\/\\\/totreformes.es\\\/interiores\\\/\",\"name\":\"INTERIORES -\",\"isPartOf\":{\"@id\":\"https:\\\/\\\/totreformes.es\\\/#website\"},\"datePublished\":\"2023-09-10T12:29:40+00:00\",\"dateModified\":\"2023-10-10T17:53:31+00:00\",\"breadcrumb\":{\"@id\":\"https:\\\/\\\/totreformes.es\\\/interiores\\\/#breadcrumb\"},\"inLanguage\":\"ca\",\"potentialAction\":[{\"@type\":\"ReadAction\",\"target\":[\"https:\\\/\\\/totreformes.es\\\/interiores\\\/\"]}]},{\"@type\":\"BreadcrumbList\",\"@id\":\"https:\\\/\\\/totreformes.es\\\/interiores\\\/#breadcrumb\",\"itemListElement\":[{\"@type\":\"ListItem\",\"position\":1,\"name\":\"Portada\",\"item\":\"https:\\\/\\\/totreformes.es\\\/\"},{\"@type\":\"ListItem\",\"position\":2,\"name\":\"INTERIORES\"}]},{\"@type\":\"WebSite\",\"@id\":\"https:\\\/\\\/totreformes.es\\\/#website\",\"url\":\"https:\\\/\\\/totreformes.es\\\/\",\"name\":\"Tot Reformes i Mes - Reformas en Hospitalet de Llobregat\",\"description\":\"\",\"publisher\":{\"@id\":\"https:\\\/\\\/totreformes.es\\\/#organization\"},\"potentialAction\":[{\"@type\":\"SearchAction\",\"target\":{\"@type\":\"EntryPoint\",\"urlTemplate\":\"https:\\\/\\\/totreformes.es\\\/?s={search_term_string}\"},\"query-input\":{\"@type\":\"PropertyValueSpecification\",\"valueRequired\":true,\"valueName\":\"search_term_string\"}}],\"inLanguage\":\"ca\"},{\"@type\":\"Organization\",\"@id\":\"https:\\\/\\\/totreformes.es\\\/#organization\",\"name\":\"Tot Reformes i Mes\",\"url\":\"https:\\\/\\\/totreformes.es\\\/\",\"logo\":{\"@type\":\"ImageObject\",\"inLanguage\":\"ca\",\"@id\":\"https:\\\/\\\/totreformes.es\\\/#\\\/schema\\\/logo\\\/image\\\/\",\"url\":\"https:\\\/\\\/totreformes.es\\\/wp-content\\\/uploads\\\/2023\\\/10\\\/tots-reformes-i-mes-logo-menu.png\",\"contentUrl\":\"https:\\\/\\\/totreformes.es\\\/wp-content\\\/uploads\\\/2023\\\/10\\\/tots-reformes-i-mes-logo-menu.png\",\"width\":274,\"height\":118,\"caption\":\"Tot Reformes i Mes\"},\"image\":{\"@id\":\"https:\\\/\\\/totreformes.es\\\/#\\\/schema\\\/logo\\\/image\\\/\"},\"sameAs\":[\"https:\\\/\\\/www.facebook.com\\\/profile.php?id=61556941002639\",\"https:\\\/\\\/www.instagram.com\\\/tot.reformes.i.mes\\\/\",\"https:\\\/\\\/www.linkedin.com\\\/in\\\/tot-reformes-i-mes-822654375\\\/\"]}]}<\/script>\n<!-- \/ Yoast SEO plugin. -->","yoast_head_json":{"title":"INTERIORES -","robots":{"index":"index","follow":"follow","max-snippet":"max-snippet:-1","max-image-preview":"max-image-preview:large","max-video-preview":"max-video-preview:-1"},"canonical":"https:\/\/totreformes.es\/ca\/interiores\/","og_locale":"ca_ES","og_type":"article","og_title":"INTERIORES -","og_description":"Interiores Nuestra especializaci\u00f3n radica en la decoraci\u00f3n y el dise\u00f1o de espacios, donde ofrecemos ideas innovadoras para hogares de todas las dimensiones y consejos altamente efectivos para convertir su casa o apartamento en un entorno agradable y acogedor.\u200b","og_url":"https:\/\/totreformes.es\/ca\/interiores\/","article_publisher":"https:\/\/www.facebook.com\/profile.php?id=61556941002639","article_modified_time":"2023-10-10T17:53:31+00:00","twitter_card":"summary_large_image","schema":{"@context":"https:\/\/schema.org","@graph":[{"@type":"WebPage","@id":"https:\/\/totreformes.es\/interiores\/","url":"https:\/\/totreformes.es\/interiores\/","name":"INTERIORES -","isPartOf":{"@id":"https:\/\/totreformes.es\/#website"},"datePublished":"2023-09-10T12:29:40+00:00","dateModified":"2023-10-10T17:53:31+00:00","breadcrumb":{"@id":"https:\/\/totreformes.es\/interiores\/#breadcrumb"},"inLanguage":"ca","potentialAction":[{"@type":"ReadAction","target":["https:\/\/totreformes.es\/interiores\/"]}]},{"@type":"BreadcrumbList","@id":"https:\/\/totreformes.es\/interiores\/#breadcrumb","itemListElement":[{"@type":"ListItem","position":1,"name":"Portada","item":"https:\/\/totreformes.es\/"},{"@type":"ListItem","position":2,"name":"INTERIORES"}]},{"@type":"WebSite","@id":"https:\/\/totreformes.es\/#website","url":"https:\/\/totreformes.es\/","name":"Tot Reformes i Mes - Reformas en Hospitalet de Llobregat","description":"","publisher":{"@id":"https:\/\/totreformes.es\/#organization"},"potentialAction":[{"@type":"SearchAction","target":{"@type":"EntryPoint","urlTemplate":"https:\/\/totreformes.es\/?s={search_term_string}"},"query-input":{"@type":"PropertyValueSpecification","valueRequired":true,"valueName":"search_term_string"}}],"inLanguage":"ca"},{"@type":"Organization","@id":"https:\/\/totreformes.es\/#organization","name":"Tot Reformes i Mes","url":"https:\/\/totreformes.es\/","logo":{"@type":"ImageObject","inLanguage":"ca","@id":"https:\/\/totreformes.es\/#\/schema\/logo\/image\/","url":"https:\/\/totreformes.es\/wp-content\/uploads\/2023\/10\/tots-reformes-i-mes-logo-menu.png","contentUrl":"https:\/\/totreformes.es\/wp-content\/uploads\/2023\/10\/tots-reformes-i-mes-logo-menu.png","width":274,"height":118,"caption":"Tot Reformes i Mes"},"image":{"@id":"https:\/\/totreformes.es\/#\/schema\/logo\/image\/"},"sameAs":["https:\/\/www.facebook.com\/profile.php?id=61556941002639","https:\/\/www.instagram.com\/tot.reformes.i.mes\/","https:\/\/www.linkedin.com\/in\/tot-reformes-i-mes-822654375\/"]}]}},"_links":{"self":[{"href":"https:\/\/totreformes.es\/ca\/wp-json\/wp\/v2\/pages\/219","targetHints":{"allow":["GET"]}}],"collection":[{"href":"https:\/\/totreformes.es\/ca\/wp-json\/wp\/v2\/pages"}],"about":[{"href":"https:\/\/totreformes.es\/ca\/wp-json\/wp\/v2\/types\/page"}],"author":[{"embeddable":true,"href":"https:\/\/totreformes.es\/ca\/wp-json\/wp\/v2\/users\/1"}],"replies":[{"embeddable":true,"href":"https:\/\/totreformes.es\/ca\/wp-json\/wp\/v2\/comments?post=219"}],"version-history":[{"count":8,"href":"https:\/\/totreformes.es\/ca\/wp-json\/wp\/v2\/pages\/219\/revisions"}],"predecessor-version":[{"id":404,"href":"https:\/\/totreformes.es\/ca\/wp-json\/wp\/v2\/pages\/219\/revisions\/404"}],"wp:attachment":[{"href":"https:\/\/totreformes.es\/ca\/wp-json\/wp\/v2\/media?parent=219"}],"curies":[{"name":"wp","href":"https:\/\/api.w.org\/{rel}","templated":true}]}}