{"id":188,"date":"2023-09-09T19:40:33","date_gmt":"2023-09-09T17:40:33","guid":{"rendered":"https:\/\/totreformes.es\/?page_id=188"},"modified":"2023-10-10T19:46:47","modified_gmt":"2023-10-10T17:46:47","slug":"banos","status":"publish","type":"page","link":"https:\/\/totreformes.es\/ca\/banos\/","title":{"rendered":"BA\u00d1OS"},"content":{"rendered":"<div data-elementor-type=\"wp-page\" data-elementor-id=\"188\" class=\"elementor elementor-188\" data-elementor-post-type=\"page\">\n\t\t\t\t\t\t<section class=\"elementor-section elementor-top-section elementor-element elementor-element-1d9ae14c elementor-section-boxed elementor-section-height-default elementor-section-height-default\" data-id=\"1d9ae14c\" data-element_type=\"section\" data-e-type=\"section\">\n\t\t\t\t\t\t<div class=\"elementor-container elementor-column-gap-default\">\n\t\t\t\t\t<div class=\"elementor-column elementor-col-100 elementor-top-column elementor-element elementor-element-b69d61\" data-id=\"b69d61\" data-element_type=\"column\" data-e-type=\"column\">\n\t\t\t<div class=\"elementor-widget-wrap elementor-element-populated\">\n\t\t\t\t\t\t<div class=\"elementor-element elementor-element-56ecb057 elementor-widget elementor-widget-spacer\" data-id=\"56ecb057\" data-element_type=\"widget\" data-e-type=\"widget\" data-widget_type=\"spacer.default\">\n\t\t\t\t<div class=\"elementor-widget-container\">\n\t\t\t\t\t\t\t<div class=\"elementor-spacer\">\n\t\t\t<div class=\"elementor-spacer-inner\"><\/div>\n\t\t<\/div>\n\t\t\t\t\t\t<\/div>\n\t\t\t\t<\/div>\n\t\t\t\t<div class=\"elementor-element elementor-element-77c7356f elementor-widget elementor-widget-heading\" data-id=\"77c7356f\" data-element_type=\"widget\" data-e-type=\"widget\" data-widget_type=\"heading.default\">\n\t\t\t\t<div class=\"elementor-widget-container\">\n\t\t\t\t\t<h2 class=\"elementor-heading-title elementor-size-default\">Ba\u00f1os<\/h2>\t\t\t\t<\/div>\n\t\t\t\t<\/div>\n\t\t\t\t<div class=\"elementor-element elementor-element-1d6cf361 elementor-widget elementor-widget-text-editor\" data-id=\"1d6cf361\" data-element_type=\"widget\" data-e-type=\"widget\" data-widget_type=\"text-editor.default\">\n\t\t\t\t<div class=\"elementor-widget-container\">\n\t\t\t\t\t\t\t\t\t<p>El cuarto de ba\u00f1o es una habitaci\u00f3n clave en su hogar, por lo que es esencial que sea f\u00e1cil de habitar y que responda a tus expectativas en t\u00e9rminos de est\u00e9tica y ambiente para que se adapte perfectamente a tu personalidad y promueva tu bienestar<\/p>\t\t\t\t\t\t\t\t<\/div>\n\t\t\t\t<\/div>\n\t\t\t\t\t<\/div>\n\t\t<\/div>\n\t\t\t\t\t<\/div>\n\t\t<\/section>\n\t\t\t\t<section class=\"elementor-section elementor-top-section elementor-element elementor-element-12de01c8 elementor-section-full_width elementor-section-height-default elementor-section-height-default\" data-id=\"12de01c8\" data-element_type=\"section\" data-e-type=\"section\">\n\t\t\t\t\t\t<div class=\"elementor-container elementor-column-gap-default\">\n\t\t\t\t\t<div class=\"elementor-column elementor-col-100 elementor-top-column elementor-element elementor-element-4010a470\" data-id=\"4010a470\" data-element_type=\"column\" data-e-type=\"column\">\n\t\t\t<div class=\"elementor-widget-wrap elementor-element-populated\">\n\t\t\t\t\t\t<div class=\"elementor-element elementor-element-7105e0a2 elementor-widget elementor-widget-gallery\" data-id=\"7105e0a2\" data-element_type=\"widget\" data-e-type=\"widget\" data-settings=\"{&quot;gallery_layout&quot;:&quot;masonry&quot;,&quot;gap&quot;:{&quot;unit&quot;:&quot;px&quot;,&quot;size&quot;:11,&quot;sizes&quot;:[]},&quot;lazyload&quot;:&quot;yes&quot;,&quot;columns&quot;:4,&quot;columns_tablet&quot;:2,&quot;columns_mobile&quot;:1,&quot;gap_tablet&quot;:{&quot;unit&quot;:&quot;px&quot;,&quot;size&quot;:10,&quot;sizes&quot;:[]},&quot;gap_mobile&quot;:{&quot;unit&quot;:&quot;px&quot;,&quot;size&quot;:10,&quot;sizes&quot;:[]},&quot;link_to&quot;:&quot;file&quot;,&quot;overlay_background&quot;:&quot;yes&quot;,&quot;content_hover_animation&quot;:&quot;fade-in&quot;}\" data-widget_type=\"gallery.default\">\n\t\t\t\t<div class=\"elementor-widget-container\">\n\t\t\t\t\t\t\t<div class=\"elementor-gallery__container\">\n\t\t\t\t\t\t\t<a class=\"e-gallery-item elementor-gallery-item elementor-animated-content\" href=\"https:\/\/totreformes.es\/wp-content\/uploads\/2023\/09\/real-estate-7132373_1920.jpg\" data-elementor-open-lightbox=\"yes\" data-elementor-lightbox-slideshow=\"7105e0a2\" data-elementor-lightbox-title=\"real-estate-7132373_1920\" data-e-action-hash=\"#elementor-action%3Aaction%3Dlightbox%26settings%3DeyJpZCI6MzksInVybCI6Imh0dHBzOlwvXC90b3RyZWZvcm1lcy5lc1wvd3AtY29udGVudFwvdXBsb2Fkc1wvMjAyM1wvMDlcL3JlYWwtZXN0YXRlLTcxMzIzNzNfMTkyMC5qcGciLCJzbGlkZXNob3ciOiI3MTA1ZTBhMiJ9\">\n\t\t\t\t\t<div class=\"e-gallery-image elementor-gallery-item__image\" data-thumbnail=\"https:\/\/totreformes.es\/wp-content\/uploads\/2023\/09\/real-estate-7132373_1920.jpg\" data-width=\"1920\" data-height=\"1280\" aria-label=\"\" role=\"img\" ><\/div>\n\t\t\t\t\t\t\t\t\t\t\t<div class=\"elementor-gallery-item__overlay\"><\/div>\n\t\t\t\t\t\t\t\t\t\t\t\t\t\t<\/a>\n\t\t\t\t\t\t\t<a class=\"e-gallery-item elementor-gallery-item elementor-animated-content\" href=\"https:\/\/totreformes.es\/wp-content\/uploads\/2023\/09\/real-estate-6900984_1280.jpg\" data-elementor-open-lightbox=\"yes\" data-elementor-lightbox-slideshow=\"7105e0a2\" data-elementor-lightbox-title=\"real-estate-6900984_1280\" data-e-action-hash=\"#elementor-action%3Aaction%3Dlightbox%26settings%3DeyJpZCI6MzgsInVybCI6Imh0dHBzOlwvXC90b3RyZWZvcm1lcy5lc1wvd3AtY29udGVudFwvdXBsb2Fkc1wvMjAyM1wvMDlcL3JlYWwtZXN0YXRlLTY5MDA5ODRfMTI4MC5qcGciLCJzbGlkZXNob3ciOiI3MTA1ZTBhMiJ9\">\n\t\t\t\t\t<div class=\"e-gallery-image elementor-gallery-item__image\" data-thumbnail=\"https:\/\/totreformes.es\/wp-content\/uploads\/2023\/09\/real-estate-6900984_1280.jpg\" data-width=\"1280\" data-height=\"854\" aria-label=\"\" role=\"img\" ><\/div>\n\t\t\t\t\t\t\t\t\t\t\t<div class=\"elementor-gallery-item__overlay\"><\/div>\n\t\t\t\t\t\t\t\t\t\t\t\t\t\t<\/a>\n\t\t\t\t\t\t\t<a class=\"e-gallery-item elementor-gallery-item elementor-animated-content\" href=\"https:\/\/totreformes.es\/wp-content\/uploads\/2023\/09\/real-estate-6900982_1280.jpg\" data-elementor-open-lightbox=\"yes\" data-elementor-lightbox-slideshow=\"7105e0a2\" data-elementor-lightbox-title=\"real-estate-6900982_1280\" data-e-action-hash=\"#elementor-action%3Aaction%3Dlightbox%26settings%3DeyJpZCI6MzcsInVybCI6Imh0dHBzOlwvXC90b3RyZWZvcm1lcy5lc1wvd3AtY29udGVudFwvdXBsb2Fkc1wvMjAyM1wvMDlcL3JlYWwtZXN0YXRlLTY5MDA5ODJfMTI4MC5qcGciLCJzbGlkZXNob3ciOiI3MTA1ZTBhMiJ9\">\n\t\t\t\t\t<div class=\"e-gallery-image elementor-gallery-item__image\" data-thumbnail=\"https:\/\/totreformes.es\/wp-content\/uploads\/2023\/09\/real-estate-6900982_1280.jpg\" data-width=\"1280\" data-height=\"854\" aria-label=\"\" role=\"img\" ><\/div>\n\t\t\t\t\t\t\t\t\t\t\t<div class=\"elementor-gallery-item__overlay\"><\/div>\n\t\t\t\t\t\t\t\t\t\t\t\t\t\t<\/a>\n\t\t\t\t\t\t\t<a class=\"e-gallery-item elementor-gallery-item elementor-animated-content\" href=\"https:\/\/totreformes.es\/wp-content\/uploads\/2023\/09\/real-estate-6900977_1280.jpg\" data-elementor-open-lightbox=\"yes\" data-elementor-lightbox-slideshow=\"7105e0a2\" data-elementor-lightbox-title=\"real-estate-6900977_1280\" data-e-action-hash=\"#elementor-action%3Aaction%3Dlightbox%26settings%3DeyJpZCI6MzYsInVybCI6Imh0dHBzOlwvXC90b3RyZWZvcm1lcy5lc1wvd3AtY29udGVudFwvdXBsb2Fkc1wvMjAyM1wvMDlcL3JlYWwtZXN0YXRlLTY5MDA5NzdfMTI4MC5qcGciLCJzbGlkZXNob3ciOiI3MTA1ZTBhMiJ9\">\n\t\t\t\t\t<div class=\"e-gallery-image elementor-gallery-item__image\" data-thumbnail=\"https:\/\/totreformes.es\/wp-content\/uploads\/2023\/09\/real-estate-6900977_1280.jpg\" data-width=\"1280\" data-height=\"854\" aria-label=\"\" role=\"img\" ><\/div>\n\t\t\t\t\t\t\t\t\t\t\t<div class=\"elementor-gallery-item__overlay\"><\/div>\n\t\t\t\t\t\t\t\t\t\t\t\t\t\t<\/a>\n\t\t\t\t\t\t\t<a class=\"e-gallery-item elementor-gallery-item elementor-animated-content\" href=\"https:\/\/totreformes.es\/wp-content\/uploads\/2023\/09\/modern-minimalist-bathroom-3150293_1280.jpg\" data-elementor-open-lightbox=\"yes\" data-elementor-lightbox-slideshow=\"7105e0a2\" data-elementor-lightbox-title=\"modern-minimalist-bathroom-3150293_1280\" data-e-action-hash=\"#elementor-action%3Aaction%3Dlightbox%26settings%3DeyJpZCI6MzUsInVybCI6Imh0dHBzOlwvXC90b3RyZWZvcm1lcy5lc1wvd3AtY29udGVudFwvdXBsb2Fkc1wvMjAyM1wvMDlcL21vZGVybi1taW5pbWFsaXN0LWJhdGhyb29tLTMxNTAyOTNfMTI4MC5qcGciLCJzbGlkZXNob3ciOiI3MTA1ZTBhMiJ9\">\n\t\t\t\t\t<div class=\"e-gallery-image elementor-gallery-item__image\" data-thumbnail=\"https:\/\/totreformes.es\/wp-content\/uploads\/2023\/09\/modern-minimalist-bathroom-3150293_1280.jpg\" data-width=\"948\" data-height=\"1280\" aria-label=\"\" role=\"img\" ><\/div>\n\t\t\t\t\t\t\t\t\t\t\t<div class=\"elementor-gallery-item__overlay\"><\/div>\n\t\t\t\t\t\t\t\t\t\t\t\t\t\t<\/a>\n\t\t\t\t\t\t\t<a class=\"e-gallery-item elementor-gallery-item elementor-animated-content\" href=\"https:\/\/totreformes.es\/wp-content\/uploads\/2023\/09\/modern-minimalist-bathroom-3115450_1280.jpg\" data-elementor-open-lightbox=\"yes\" data-elementor-lightbox-slideshow=\"7105e0a2\" data-elementor-lightbox-title=\"modern-minimalist-bathroom-3115450_1280\" data-e-action-hash=\"#elementor-action%3Aaction%3Dlightbox%26settings%3DeyJpZCI6MzQsInVybCI6Imh0dHBzOlwvXC90b3RyZWZvcm1lcy5lc1wvd3AtY29udGVudFwvdXBsb2Fkc1wvMjAyM1wvMDlcL21vZGVybi1taW5pbWFsaXN0LWJhdGhyb29tLTMxMTU0NTBfMTI4MC5qcGciLCJzbGlkZXNob3ciOiI3MTA1ZTBhMiJ9\">\n\t\t\t\t\t<div class=\"e-gallery-image elementor-gallery-item__image\" data-thumbnail=\"https:\/\/totreformes.es\/wp-content\/uploads\/2023\/09\/modern-minimalist-bathroom-3115450_1280.jpg\" data-width=\"1280\" data-height=\"803\" aria-label=\"\" role=\"img\" ><\/div>\n\t\t\t\t\t\t\t\t\t\t\t<div class=\"elementor-gallery-item__overlay\"><\/div>\n\t\t\t\t\t\t\t\t\t\t\t\t\t\t<\/a>\n\t\t\t\t\t\t\t<a class=\"e-gallery-item elementor-gallery-item elementor-animated-content\" href=\"https:\/\/totreformes.es\/wp-content\/uploads\/2023\/09\/bathroom-6893117_1920.jpg\" data-elementor-open-lightbox=\"yes\" data-elementor-lightbox-slideshow=\"7105e0a2\" data-elementor-lightbox-title=\"bathroom-6893117_1920\" data-e-action-hash=\"#elementor-action%3Aaction%3Dlightbox%26settings%3DeyJpZCI6MjUsInVybCI6Imh0dHBzOlwvXC90b3RyZWZvcm1lcy5lc1wvd3AtY29udGVudFwvdXBsb2Fkc1wvMjAyM1wvMDlcL2JhdGhyb29tLTY4OTMxMTdfMTkyMC5qcGciLCJzbGlkZXNob3ciOiI3MTA1ZTBhMiJ9\">\n\t\t\t\t\t<div class=\"e-gallery-image elementor-gallery-item__image\" data-thumbnail=\"https:\/\/totreformes.es\/wp-content\/uploads\/2023\/09\/bathroom-6893117_1920.jpg\" data-width=\"1280\" data-height=\"1920\" aria-label=\"\" role=\"img\" ><\/div>\n\t\t\t\t\t\t\t\t\t\t\t<div class=\"elementor-gallery-item__overlay\"><\/div>\n\t\t\t\t\t\t\t\t\t\t\t\t\t\t<\/a>\n\t\t\t\t\t\t\t<a class=\"e-gallery-item elementor-gallery-item elementor-animated-content\" href=\"https:\/\/totreformes.es\/wp-content\/uploads\/2023\/09\/BA\u4ee4-1.jpg\" data-elementor-open-lightbox=\"yes\" data-elementor-lightbox-slideshow=\"7105e0a2\" data-elementor-lightbox-title=\"BA\u4ee4 1\" data-e-action-hash=\"#elementor-action%3Aaction%3Dlightbox%26settings%3DeyJpZCI6MjYsInVybCI6Imh0dHBzOlwvXC90b3RyZWZvcm1lcy5lc1wvd3AtY29udGVudFwvdXBsb2Fkc1wvMjAyM1wvMDlcL0JBXHU0ZWU0LTEuanBnIiwic2xpZGVzaG93IjoiNzEwNWUwYTIifQ%3D%3D\">\n\t\t\t\t\t<div class=\"e-gallery-image elementor-gallery-item__image\" data-thumbnail=\"https:\/\/totreformes.es\/wp-content\/uploads\/2023\/09\/BA\u4ee4-1.jpg\" data-width=\"849\" data-height=\"567\" aria-label=\"\" role=\"img\" ><\/div>\n\t\t\t\t\t\t\t\t\t\t\t<div class=\"elementor-gallery-item__overlay\"><\/div>\n\t\t\t\t\t\t\t\t\t\t\t\t\t\t<\/a>\n\t\t\t\t\t\t\t<a class=\"e-gallery-item elementor-gallery-item elementor-animated-content\" href=\"https:\/\/totreformes.es\/wp-content\/uploads\/2023\/09\/7p.jpg\" data-elementor-open-lightbox=\"yes\" data-elementor-lightbox-slideshow=\"7105e0a2\" data-elementor-lightbox-title=\"7p\" data-e-action-hash=\"#elementor-action%3Aaction%3Dlightbox%26settings%3DeyJpZCI6MTksInVybCI6Imh0dHBzOlwvXC90b3RyZWZvcm1lcy5lc1wvd3AtY29udGVudFwvdXBsb2Fkc1wvMjAyM1wvMDlcLzdwLmpwZyIsInNsaWRlc2hvdyI6IjcxMDVlMGEyIn0%3D\">\n\t\t\t\t\t<div class=\"e-gallery-image elementor-gallery-item__image\" data-thumbnail=\"https:\/\/totreformes.es\/wp-content\/uploads\/2023\/09\/7p.jpg\" data-width=\"1641\" data-height=\"1094\" aria-label=\"\" role=\"img\" ><\/div>\n\t\t\t\t\t\t\t\t\t\t\t<div class=\"elementor-gallery-item__overlay\"><\/div>\n\t\t\t\t\t\t\t\t\t\t\t\t\t\t<\/a>\n\t\t\t\t\t\t\t<a class=\"e-gallery-item elementor-gallery-item elementor-animated-content\" href=\"https:\/\/totreformes.es\/wp-content\/uploads\/2023\/09\/bathroom-2046702_1280.jpg\" data-elementor-open-lightbox=\"yes\" data-elementor-lightbox-slideshow=\"7105e0a2\" data-elementor-lightbox-title=\"bathroom-2046702_1280\" data-e-action-hash=\"#elementor-action%3Aaction%3Dlightbox%26settings%3DeyJpZCI6MjAsInVybCI6Imh0dHBzOlwvXC90b3RyZWZvcm1lcy5lc1wvd3AtY29udGVudFwvdXBsb2Fkc1wvMjAyM1wvMDlcL2JhdGhyb29tLTIwNDY3MDJfMTI4MC5qcGciLCJzbGlkZXNob3ciOiI3MTA1ZTBhMiJ9\">\n\t\t\t\t\t<div class=\"e-gallery-image elementor-gallery-item__image\" data-thumbnail=\"https:\/\/totreformes.es\/wp-content\/uploads\/2023\/09\/bathroom-2046702_1280.jpg\" data-width=\"1280\" data-height=\"852\" aria-label=\"\" role=\"img\" ><\/div>\n\t\t\t\t\t\t\t\t\t\t\t<div class=\"elementor-gallery-item__overlay\"><\/div>\n\t\t\t\t\t\t\t\t\t\t\t\t\t\t<\/a>\n\t\t\t\t\t\t\t<a class=\"e-gallery-item elementor-gallery-item elementor-animated-content\" href=\"https:\/\/totreformes.es\/wp-content\/uploads\/2023\/09\/bathroom-3689922_1280.jpg\" data-elementor-open-lightbox=\"yes\" data-elementor-lightbox-slideshow=\"7105e0a2\" data-elementor-lightbox-title=\"bathroom-3689922_1280\" data-e-action-hash=\"#elementor-action%3Aaction%3Dlightbox%26settings%3DeyJpZCI6MjEsInVybCI6Imh0dHBzOlwvXC90b3RyZWZvcm1lcy5lc1wvd3AtY29udGVudFwvdXBsb2Fkc1wvMjAyM1wvMDlcL2JhdGhyb29tLTM2ODk5MjJfMTI4MC5qcGciLCJzbGlkZXNob3ciOiI3MTA1ZTBhMiJ9\">\n\t\t\t\t\t<div class=\"e-gallery-image elementor-gallery-item__image\" data-thumbnail=\"https:\/\/totreformes.es\/wp-content\/uploads\/2023\/09\/bathroom-3689922_1280.jpg\" data-width=\"1280\" data-height=\"853\" aria-label=\"\" role=\"img\" ><\/div>\n\t\t\t\t\t\t\t\t\t\t\t<div class=\"elementor-gallery-item__overlay\"><\/div>\n\t\t\t\t\t\t\t\t\t\t\t\t\t\t<\/a>\n\t\t\t\t\t\t\t<a class=\"e-gallery-item elementor-gallery-item elementor-animated-content\" href=\"https:\/\/totreformes.es\/wp-content\/uploads\/2023\/09\/bathroom-6878035_1280.jpg\" data-elementor-open-lightbox=\"yes\" data-elementor-lightbox-slideshow=\"7105e0a2\" data-elementor-lightbox-title=\"bathroom-6878035_1280\" data-e-action-hash=\"#elementor-action%3Aaction%3Dlightbox%26settings%3DeyJpZCI6MjMsInVybCI6Imh0dHBzOlwvXC90b3RyZWZvcm1lcy5lc1wvd3AtY29udGVudFwvdXBsb2Fkc1wvMjAyM1wvMDlcL2JhdGhyb29tLTY4NzgwMzVfMTI4MC5qcGciLCJzbGlkZXNob3ciOiI3MTA1ZTBhMiJ9\">\n\t\t\t\t\t<div class=\"e-gallery-image elementor-gallery-item__image\" data-thumbnail=\"https:\/\/totreformes.es\/wp-content\/uploads\/2023\/09\/bathroom-6878035_1280.jpg\" data-width=\"1280\" data-height=\"853\" aria-label=\"\" role=\"img\" ><\/div>\n\t\t\t\t\t\t\t\t\t\t\t<div class=\"elementor-gallery-item__overlay\"><\/div>\n\t\t\t\t\t\t\t\t\t\t\t\t\t\t<\/a>\n\t\t\t\t\t<\/div>\n\t\t\t\t\t<\/div>\n\t\t\t\t<\/div>\n\t\t\t\t\t<\/div>\n\t\t<\/div>\n\t\t\t\t\t<\/div>\n\t\t<\/section>\n\t\t\t\t<\/div>","protected":false},"excerpt":{"rendered":"<p>Ba\u00f1os El cuarto de ba\u00f1o es una habitaci\u00f3n clave en su hogar, por lo que es esencial que sea f\u00e1cil de habitar y que responda a tus expectativas en t\u00e9rminos de est\u00e9tica y ambiente para que se adapte perfectamente a tu personalidad y promueva tu bienestar<\/p>","protected":false},"author":1,"featured_media":0,"parent":0,"menu_order":0,"comment_status":"closed","ping_status":"closed","template":"","meta":{"om_disable_all_campaigns":false,"_monsterinsights_skip_tracking":false,"_monsterinsights_sitenote_active":false,"_monsterinsights_sitenote_note":"","_monsterinsights_sitenote_category":0,"site-sidebar-layout":"no-sidebar","site-content-layout":"","ast-site-content-layout":"full-width-container","site-content-style":"default","site-sidebar-style":"default","ast-global-header-display":"","ast-banner-title-visibility":"","ast-main-header-display":"","ast-hfb-above-header-display":"","ast-hfb-below-header-display":"","ast-hfb-mobile-header-display":"","site-post-title":"disabled","ast-breadcrumbs-content":"","ast-featured-img":"disabled","footer-sml-layout":"","ast-disable-related-posts":"","theme-transparent-header-meta":"","adv-header-id-meta":"","stick-header-meta":"","header-above-stick-meta":"","header-main-stick-meta":"","header-below-stick-meta":"","astra-migrate-meta-layouts":"default","ast-page-background-enabled":"default","ast-page-background-meta":{"desktop":{"background-color":"var(--ast-global-color-4)","background-image":"","background-repeat":"repeat","background-position":"center center","background-size":"auto","background-attachment":"scroll","background-type":"","background-media":"","overlay-type":"","overlay-color":"","overlay-opacity":"","overlay-gradient":""},"tablet":{"background-color":"","background-image":"","background-repeat":"repeat","background-position":"center center","background-size":"auto","background-attachment":"scroll","background-type":"","background-media":"","overlay-type":"","overlay-color":"","overlay-opacity":"","overlay-gradient":""},"mobile":{"background-color":"","background-image":"","background-repeat":"repeat","background-position":"center center","background-size":"auto","background-attachment":"scroll","background-type":"","background-media":"","overlay-type":"","overlay-color":"","overlay-opacity":"","overlay-gradient":""}},"ast-content-background-meta":{"desktop":{"background-color":"var(--ast-global-color-5)","background-image":"","background-repeat":"repeat","background-position":"center center","background-size":"auto","background-attachment":"scroll","background-type":"","background-media":"","overlay-type":"","overlay-color":"","overlay-opacity":"","overlay-gradient":""},"tablet":{"background-color":"var(--ast-global-color-5)","background-image":"","background-repeat":"repeat","background-position":"center center","background-size":"auto","background-attachment":"scroll","background-type":"","background-media":"","overlay-type":"","overlay-color":"","overlay-opacity":"","overlay-gradient":""},"mobile":{"background-color":"var(--ast-global-color-5)","background-image":"","background-repeat":"repeat","background-position":"center center","background-size":"auto","background-attachment":"scroll","background-type":"","background-media":"","overlay-type":"","overlay-color":"","overlay-opacity":"","overlay-gradient":""}},"_joinchat":[],"footnotes":""},"class_list":["post-188","page","type-page","status-publish","hentry"],"yoast_head":"<!-- This site is optimized with the Yoast SEO plugin v27.5 - https:\/\/yoast.com\/product\/yoast-seo-wordpress\/ -->\n<title>BA\u00d1OS -<\/title>\n<meta name=\"robots\" content=\"index, follow, max-snippet:-1, max-image-preview:large, max-video-preview:-1\" \/>\n<link rel=\"canonical\" href=\"https:\/\/totreformes.es\/ca\/banos\/\" \/>\n<meta property=\"og:locale\" content=\"ca_ES\" \/>\n<meta property=\"og:type\" content=\"article\" \/>\n<meta property=\"og:title\" content=\"BA\u00d1OS -\" \/>\n<meta property=\"og:description\" content=\"Ba\u00f1os El cuarto de ba\u00f1o es una habitaci\u00f3n clave en su hogar, por lo que es esencial que sea f\u00e1cil de habitar y que responda a tus expectativas en t\u00e9rminos de est\u00e9tica y ambiente para que se adapte perfectamente a tu personalidad y promueva tu bienestar\" \/>\n<meta property=\"og:url\" content=\"https:\/\/totreformes.es\/ca\/banos\/\" \/>\n<meta property=\"article:publisher\" content=\"https:\/\/www.facebook.com\/profile.php?id=61556941002639\" \/>\n<meta property=\"article:modified_time\" content=\"2023-10-10T17:46:47+00:00\" \/>\n<meta name=\"twitter:card\" content=\"summary_large_image\" \/>\n<script type=\"application\/ld+json\" class=\"yoast-schema-graph\">{\"@context\":\"https:\\\/\\\/schema.org\",\"@graph\":[{\"@type\":\"WebPage\",\"@id\":\"https:\\\/\\\/totreformes.es\\\/banos\\\/\",\"url\":\"https:\\\/\\\/totreformes.es\\\/banos\\\/\",\"name\":\"BA\u00d1OS -\",\"isPartOf\":{\"@id\":\"https:\\\/\\\/totreformes.es\\\/#website\"},\"datePublished\":\"2023-09-09T17:40:33+00:00\",\"dateModified\":\"2023-10-10T17:46:47+00:00\",\"breadcrumb\":{\"@id\":\"https:\\\/\\\/totreformes.es\\\/banos\\\/#breadcrumb\"},\"inLanguage\":\"ca\",\"potentialAction\":[{\"@type\":\"ReadAction\",\"target\":[\"https:\\\/\\\/totreformes.es\\\/banos\\\/\"]}]},{\"@type\":\"BreadcrumbList\",\"@id\":\"https:\\\/\\\/totreformes.es\\\/banos\\\/#breadcrumb\",\"itemListElement\":[{\"@type\":\"ListItem\",\"position\":1,\"name\":\"Portada\",\"item\":\"https:\\\/\\\/totreformes.es\\\/\"},{\"@type\":\"ListItem\",\"position\":2,\"name\":\"BA\u00d1OS\"}]},{\"@type\":\"WebSite\",\"@id\":\"https:\\\/\\\/totreformes.es\\\/#website\",\"url\":\"https:\\\/\\\/totreformes.es\\\/\",\"name\":\"Tot Reformes i Mes - Reformas en Hospitalet de Llobregat\",\"description\":\"\",\"publisher\":{\"@id\":\"https:\\\/\\\/totreformes.es\\\/#organization\"},\"potentialAction\":[{\"@type\":\"SearchAction\",\"target\":{\"@type\":\"EntryPoint\",\"urlTemplate\":\"https:\\\/\\\/totreformes.es\\\/?s={search_term_string}\"},\"query-input\":{\"@type\":\"PropertyValueSpecification\",\"valueRequired\":true,\"valueName\":\"search_term_string\"}}],\"inLanguage\":\"ca\"},{\"@type\":\"Organization\",\"@id\":\"https:\\\/\\\/totreformes.es\\\/#organization\",\"name\":\"Tot Reformes i Mes\",\"url\":\"https:\\\/\\\/totreformes.es\\\/\",\"logo\":{\"@type\":\"ImageObject\",\"inLanguage\":\"ca\",\"@id\":\"https:\\\/\\\/totreformes.es\\\/#\\\/schema\\\/logo\\\/image\\\/\",\"url\":\"https:\\\/\\\/totreformes.es\\\/wp-content\\\/uploads\\\/2023\\\/10\\\/tots-reformes-i-mes-logo-menu.png\",\"contentUrl\":\"https:\\\/\\\/totreformes.es\\\/wp-content\\\/uploads\\\/2023\\\/10\\\/tots-reformes-i-mes-logo-menu.png\",\"width\":274,\"height\":118,\"caption\":\"Tot Reformes i Mes\"},\"image\":{\"@id\":\"https:\\\/\\\/totreformes.es\\\/#\\\/schema\\\/logo\\\/image\\\/\"},\"sameAs\":[\"https:\\\/\\\/www.facebook.com\\\/profile.php?id=61556941002639\",\"https:\\\/\\\/www.instagram.com\\\/tot.reformes.i.mes\\\/\",\"https:\\\/\\\/www.linkedin.com\\\/in\\\/tot-reformes-i-mes-822654375\\\/\"]}]}<\/script>\n<!-- \/ Yoast SEO plugin. -->","yoast_head_json":{"title":"BA\u00d1OS -","robots":{"index":"index","follow":"follow","max-snippet":"max-snippet:-1","max-image-preview":"max-image-preview:large","max-video-preview":"max-video-preview:-1"},"canonical":"https:\/\/totreformes.es\/ca\/banos\/","og_locale":"ca_ES","og_type":"article","og_title":"BA\u00d1OS -","og_description":"Ba\u00f1os El cuarto de ba\u00f1o es una habitaci\u00f3n clave en su hogar, por lo que es esencial que sea f\u00e1cil de habitar y que responda a tus expectativas en t\u00e9rminos de est\u00e9tica y ambiente para que se adapte perfectamente a tu personalidad y promueva tu bienestar","og_url":"https:\/\/totreformes.es\/ca\/banos\/","article_publisher":"https:\/\/www.facebook.com\/profile.php?id=61556941002639","article_modified_time":"2023-10-10T17:46:47+00:00","twitter_card":"summary_large_image","schema":{"@context":"https:\/\/schema.org","@graph":[{"@type":"WebPage","@id":"https:\/\/totreformes.es\/banos\/","url":"https:\/\/totreformes.es\/banos\/","name":"BA\u00d1OS -","isPartOf":{"@id":"https:\/\/totreformes.es\/#website"},"datePublished":"2023-09-09T17:40:33+00:00","dateModified":"2023-10-10T17:46:47+00:00","breadcrumb":{"@id":"https:\/\/totreformes.es\/banos\/#breadcrumb"},"inLanguage":"ca","potentialAction":[{"@type":"ReadAction","target":["https:\/\/totreformes.es\/banos\/"]}]},{"@type":"BreadcrumbList","@id":"https:\/\/totreformes.es\/banos\/#breadcrumb","itemListElement":[{"@type":"ListItem","position":1,"name":"Portada","item":"https:\/\/totreformes.es\/"},{"@type":"ListItem","position":2,"name":"BA\u00d1OS"}]},{"@type":"WebSite","@id":"https:\/\/totreformes.es\/#website","url":"https:\/\/totreformes.es\/","name":"Tot Reformes i Mes - Reformas en Hospitalet de Llobregat","description":"","publisher":{"@id":"https:\/\/totreformes.es\/#organization"},"potentialAction":[{"@type":"SearchAction","target":{"@type":"EntryPoint","urlTemplate":"https:\/\/totreformes.es\/?s={search_term_string}"},"query-input":{"@type":"PropertyValueSpecification","valueRequired":true,"valueName":"search_term_string"}}],"inLanguage":"ca"},{"@type":"Organization","@id":"https:\/\/totreformes.es\/#organization","name":"Tot Reformes i Mes","url":"https:\/\/totreformes.es\/","logo":{"@type":"ImageObject","inLanguage":"ca","@id":"https:\/\/totreformes.es\/#\/schema\/logo\/image\/","url":"https:\/\/totreformes.es\/wp-content\/uploads\/2023\/10\/tots-reformes-i-mes-logo-menu.png","contentUrl":"https:\/\/totreformes.es\/wp-content\/uploads\/2023\/10\/tots-reformes-i-mes-logo-menu.png","width":274,"height":118,"caption":"Tot Reformes i Mes"},"image":{"@id":"https:\/\/totreformes.es\/#\/schema\/logo\/image\/"},"sameAs":["https:\/\/www.facebook.com\/profile.php?id=61556941002639","https:\/\/www.instagram.com\/tot.reformes.i.mes\/","https:\/\/www.linkedin.com\/in\/tot-reformes-i-mes-822654375\/"]}]}},"_links":{"self":[{"href":"https:\/\/totreformes.es\/ca\/wp-json\/wp\/v2\/pages\/188","targetHints":{"allow":["GET"]}}],"collection":[{"href":"https:\/\/totreformes.es\/ca\/wp-json\/wp\/v2\/pages"}],"about":[{"href":"https:\/\/totreformes.es\/ca\/wp-json\/wp\/v2\/types\/page"}],"author":[{"embeddable":true,"href":"https:\/\/totreformes.es\/ca\/wp-json\/wp\/v2\/users\/1"}],"replies":[{"embeddable":true,"href":"https:\/\/totreformes.es\/ca\/wp-json\/wp\/v2\/comments?post=188"}],"version-history":[{"count":11,"href":"https:\/\/totreformes.es\/ca\/wp-json\/wp\/v2\/pages\/188\/revisions"}],"predecessor-version":[{"id":398,"href":"https:\/\/totreformes.es\/ca\/wp-json\/wp\/v2\/pages\/188\/revisions\/398"}],"wp:attachment":[{"href":"https:\/\/totreformes.es\/ca\/wp-json\/wp\/v2\/media?parent=188"}],"curies":[{"name":"wp","href":"https:\/\/api.w.org\/{rel}","templated":true}]}}